{"id":10185,"date":"2025-12-18T09:26:35","date_gmt":"2025-12-18T09:26:35","guid":{"rendered":"https:\/\/whalewatching.placessites.com\/?post_type=product&#038;p=10185"},"modified":"2025-12-18T09:36:05","modified_gmt":"2025-12-18T09:36:05","slug":"da-bayahibe-mezza-giornata-a-la-romana-in-atv-o-buggy-4x4","status":"publish","type":"product","link":"https:\/\/whalewatching.placessites.com\/it\/tour\/da-bayahibe-mezza-giornata-a-la-romana-in-atv-o-buggy-4x4\/","title":{"rendered":"Da Bayahibe: Tour di mezza giornata in ATV o Buggy 4X4 di La Romana"},"content":{"rendered":"<p><strong>Da Bayahibe: Tour di mezza giornata in ATV o Buggy 4X4 di La Romana<\/strong><\/p>\n<p>Primo turno: 8:00 - 12:00<\/p>\n<p>Prelievo alle 8:00: Iniziate la vostra giornata con l'emozione di un tour alla scoperta dei buggy a Bayahibe, venendo prelevati per questa esperienza unica.<\/p>\n<p>Bateyes e canna da zucchero: Esplorate i bateyes, scoprite la vita dei lavoratori haitiani e fate una sosta per assaggiare l'autentica canna da zucchero e un rinfresco. Immergetevi nella cultura mentre esplorate questo ambiente affascinante.<\/p>\n<p>Fiume Chav\u00f3n: Sentite l'adrenalina mentre vi avventurate nelle acque del fiume Chav\u00f3n. Godetevi una nuotata rivitalizzante e partecipate ad attivit\u00e0 acquatiche che vi metteranno ancora pi\u00f9 in contatto con la natura.<\/p>\n<p>Ranch e degustazione: Recatevi al ranch per una pausa culturale e culinaria. Assaggiate un piatto di frutta fresca, caff\u00e8 e cioccolato mentre esplorate le piante di caff\u00e8, cacao e altri frutti tropicali. Scoprite la magia della produzione locale.<\/p>\n<p>Ritorno alle 12:00: Dopo una mattinata di scoperte, si ritorna al punto di partenza alle 12:00.<\/p>\n<p>Secondo turno: 14:00 - 17:30<\/p>\n<p>Ritiro alle 14:00: Preparatevi a un pomeriggio pieno di esplorazioni e avventure in buggy.<\/p>\n<p>Bateyes e canna da zucchero: Rivivete l'esperienza dei bateyes, approfondendo la vita e la cultura dei lavoratori haitiani.<\/p>\n<p>Fiume Chav\u00f3n: Esplorate nuovamente le acque del fiume Chav\u00f3n, immergendovi nella bellezza naturale e nell'emozione delle attivit\u00e0 acquatiche.<\/p>\n<p>Ranch e degustazione: Tornate al ranch per un'altra sessione di scoperta culturale e culinaria. Esplorate il caff\u00e8, il cacao e altre delizie locali assaggiando nuovi prodotti.<\/p>\n<p>Ritorno alle 17:30: Concludiamo il tour al tramonto, tornando alla vostra sede alle 17:30.<\/p>","protected":false},"excerpt":{"rendered":"<div data-track=\"overview\" data-v-f00c0656=\"\">\n<section id=\"activity-overview\" class=\"activity-overview\" data-component=\"overview\" data-v-f00c0656=\"\" data-v-f3236c42=\"\">\n<p class=\"activity-overview__content\" data-test-id=\"activity-overview-content\" data-v-f3236c42=\"\">Risvegliate il vostro spirito avventuroso con la nostra escursione in buggy a Bayahibe. Dalla vibrante cultura dei bateyes all'eccitazione nelle acque del fiume Chav\u00f3n.<\/p>\n<\/section>\n<\/div>\n<div data-track=\"key-details\" data-v-f00c0656=\"\"><\/div>","protected":false},"featured_media":10441,"template":"","meta":[],"product_brand":[],"product_cat":[97],"product_tag":[101,102],"class_list":{"0":"post-10185","1":"product","2":"type-product","3":"status-publish","4":"has-post-thumbnail","6":"product_cat-dominican-republic","7":"product_tag-excursion","8":"product_tag-tour","10":"first","11":"instock","12":"sale","13":"shipping-taxable","14":"product-type-external"},"_links":{"self":[{"href":"https:\/\/whalewatching.placessites.com\/it\/wp-json\/wp\/v2\/product\/10185","targetHints":{"allow":["GET"]}}],"collection":[{"href":"https:\/\/whalewatching.placessites.com\/it\/wp-json\/wp\/v2\/product"}],"about":[{"href":"https:\/\/whalewatching.placessites.com\/it\/wp-json\/wp\/v2\/types\/product"}],"version-history":[{"count":0,"href":"https:\/\/whalewatching.placessites.com\/it\/wp-json\/wp\/v2\/product\/10185\/revisions"}],"wp:featuredmedia":[{"embeddable":true,"href":"https:\/\/whalewatching.placessites.com\/it\/wp-json\/wp\/v2\/media\/10441"}],"wp:attachment":[{"href":"https:\/\/whalewatching.placessites.com\/it\/wp-json\/wp\/v2\/media?parent=10185"}],"wp:term":[{"taxonomy":"product_brand","embeddable":true,"href":"https:\/\/whalewatching.placessites.com\/it\/wp-json\/wp\/v2\/product_brand?post=10185"},{"taxonomy":"product_cat","embeddable":true,"href":"https:\/\/whalewatching.placessites.com\/it\/wp-json\/wp\/v2\/product_cat?post=10185"},{"taxonomy":"product_tag","embeddable":true,"href":"https:\/\/whalewatching.placessites.com\/it\/wp-json\/wp\/v2\/product_tag?post=10185"}],"curies":[{"name":"wp","href":"https:\/\/api.w.org\/{rel}","templated":true}]}}