{"id":10667,"date":"2025-12-18T09:42:47","date_gmt":"2025-12-18T09:42:47","guid":{"rendered":"https:\/\/whalewatching.placessites.com\/?post_type=product&#038;p=10667"},"modified":"2025-12-18T09:54:35","modified_gmt":"2025-12-18T09:54:35","slug":"-21","status":"publish","type":"product","link":"https:\/\/whalewatching.placessites.com\/it\/tour\/-21\/","title":{"rendered":"Scuba Doo - Scooter per immersioni a Punta Cana"},"content":{"rendered":"<p><strong>Scuba Doo - Scooter per immersioni a Punta Cana<\/strong><\/p>\n<p>Iniziate la vostra avventura con una breve introduzione agli scooter subacquei Scuba Doo. Questi innovativi veicoli subacquei consentono di esplorare le profondit\u00e0 dell'oceano senza dover ricorrere alla tradizionale attrezzatura subacquea. Con un sedile confortevole, una cupola di visualizzazione chiara e comandi facili da usare, gli scooter Scuba Doo offrono un'esperienza subacquea unica e senza sforzo.<\/p>\n<p>Viaggio in barca verso il sito di immersione<\/p>\n<p>Salite a bordo di una comoda barca per un viaggio panoramico verso il sito di immersione. Godetevi la splendida vista della costa e la rinfrescante brezza marina mentre vi dirigete verso le acque cristalline dove inizier\u00e0 la vostra avventura subacquea.<\/p>\n<p>Esperienza di immersione con le bombole<\/p>\n<p>All'arrivo al sito di immersione, riceverete un briefing sulla sicurezza e le istruzioni per l'utilizzo degli scooter Scuba Doo. Una volta pronti, scendete in acqua e iniziate la vostra esplorazione subacquea. Gli scooter permettono di scivolare senza sforzo nell'acqua, offrendo una visione ravvicinata delle splendide barriere coralline e della variegata vita marina.<\/p>\n<p>Esplorare le barriere coralline<\/p>\n<p>Navigate tra le vibranti barriere coralline, che ospitano una variet\u00e0 di pesci tropicali, tartarughe marine e altre affascinanti creature marine. La cupola trasparente dello scooter Scuba Doo offre una visione senza ostacoli del mondo sottomarino, permettendovi di immergervi completamente nella bellezza dell'ambiente marino.<\/p>\n<p>Intervallo di superficie e rilassamento<\/p>\n<p>Dopo la sessione di immersioni, fate una pausa sulla barca e godetevi un rinfresco. Rilassatevi al sole, nuotate nelle acque calde o semplicemente godetevi la splendida vista sull'oceano durante l'intervallo in superficie.<\/p>\n<p>Sessione di snorkeling<\/p>\n<p>Per coloro che desiderano esplorare di pi\u00f9, l'escursione include una seconda sessione di immersioni. Immergetevi pi\u00f9 a fondo nel mondo sottomarino e scoprite nuove aree della barriera corallina, incontrando ancora pi\u00f9 vita marina e meraviglie subacquee.<\/p>\n<p>Viaggio di ritorno<\/p>\n<p>Al termine della giornata, salite a bordo della barca per il viaggio di ritorno a Punta Cana. Riflettete sugli incredibili panorami e sulle esperienze vissute durante la vostra avventura subacquea. Il viaggio di ritorno in barca \u00e8 una conclusione rilassante della giornata.<\/p>\n<p>Un'avventura subacquea unica<\/p>\n<p>L'esperienza dello scooter subacqueo Scuba Doo offre un modo divertente e accessibile per esplorare il mondo sottomarino di Punta Cana. Che siate subacquei esperti o alle prime armi, questa escursione promette un'avventura indimenticabile sotto le onde.<\/p>","protected":false},"excerpt":{"rendered":"<div data-track=\"overview\" data-v-83a2b402=\"\">\n<section id=\"activity-overview\" class=\"activity-overview\" data-component=\"overview\" data-v-83a2b402=\"\" data-v-f3236c42=\"\">\n<p class=\"activity-overview__content\" data-test-id=\"activity-overview-content\" data-v-f3236c42=\"\">Scoprite le meraviglie subacquee di Punta Cana con l'esperienza unica ed emozionante dello scooter subacqueo Scuba Doo.<\/p>\n<\/section>\n<\/div>\n<div data-track=\"key-details\" data-v-83a2b402=\"\"><\/div>","protected":false},"featured_media":10963,"template":"","meta":[],"product_brand":[],"product_cat":[97],"product_tag":[101,102],"class_list":{"0":"post-10667","1":"product","2":"type-product","3":"status-publish","4":"has-post-thumbnail","6":"product_cat-dominican-republic","7":"product_tag-excursion","8":"product_tag-tour","10":"first","11":"instock","12":"sale","13":"shipping-taxable","14":"product-type-external"},"_links":{"self":[{"href":"https:\/\/whalewatching.placessites.com\/it\/wp-json\/wp\/v2\/product\/10667","targetHints":{"allow":["GET"]}}],"collection":[{"href":"https:\/\/whalewatching.placessites.com\/it\/wp-json\/wp\/v2\/product"}],"about":[{"href":"https:\/\/whalewatching.placessites.com\/it\/wp-json\/wp\/v2\/types\/product"}],"version-history":[{"count":0,"href":"https:\/\/whalewatching.placessites.com\/it\/wp-json\/wp\/v2\/product\/10667\/revisions"}],"wp:featuredmedia":[{"embeddable":true,"href":"https:\/\/whalewatching.placessites.com\/it\/wp-json\/wp\/v2\/media\/10963"}],"wp:attachment":[{"href":"https:\/\/whalewatching.placessites.com\/it\/wp-json\/wp\/v2\/media?parent=10667"}],"wp:term":[{"taxonomy":"product_brand","embeddable":true,"href":"https:\/\/whalewatching.placessites.com\/it\/wp-json\/wp\/v2\/product_brand?post=10667"},{"taxonomy":"product_cat","embeddable":true,"href":"https:\/\/whalewatching.placessites.com\/it\/wp-json\/wp\/v2\/product_cat?post=10667"},{"taxonomy":"product_tag","embeddable":true,"href":"https:\/\/whalewatching.placessites.com\/it\/wp-json\/wp\/v2\/product_tag?post=10667"}],"curies":[{"name":"wp","href":"https:\/\/api.w.org\/{rel}","templated":true}]}}