{"id":10693,"date":"2025-12-18T09:43:40","date_gmt":"2025-12-18T09:43:40","guid":{"rendered":"https:\/\/whalewatching.placessites.com\/?post_type=product&#038;p=10693"},"modified":"2025-12-18T09:55:57","modified_gmt":"2025-12-18T09:55:57","slug":"-24","status":"publish","type":"product","link":"https:\/\/whalewatching.placessites.com\/it\/tour\/-24\/","title":{"rendered":"Esperienza di pesca d'altura di 4 ore da Punta Cana"},"content":{"rendered":"<p><strong>Esperienza di pesca d'altura di 4 ore da Punta Cana<\/strong><\/p>\n<p>Vivete un'indimenticabile avventura di pesca a Punta Cana con il nostro pacchetto all-inclusive! Iniziate la giornata con un comodo prelievo dal vostro hotel, dove le nostre guide vi accoglieranno.<\/p>\n<p>Unitevi a noi su una barca da pesca completamente attrezzata, dove avrete l'opportunit\u00e0 di catturare varie specie, tra cui marlin, tonni e dorado, godendovi la vista mozzafiato del Mar dei Caraibi. Mentre pescate, rilassatevi e godetevi le bevande gratuite per tutta la durata del viaggio, tra cui cocktail rinfrescanti e bevande locali.<\/p>\n<p>Che siate pescatori esperti o principianti, il nostro equipaggio esperto vi assister\u00e0 e vi garantir\u00e0 un'esperienza fantastica. Prenotate oggi stesso la vostra battuta di pesca e create ricordi indelebili nelle splendide acque di Punta Cana!<\/p>\n<p>Punta Cana ha molto da offrire per quanto riguarda la vita e la conservazione marina, e per questo abbiamo anche i migliori posti per andare a pesca nella zona di Punta Cana.<\/p>\n<p>Punta Cana \u00e8 una delle destinazioni pi\u00f9 popolari dei Caraibi per il turismo ed \u00e8 ricca di diverse specie di pesci che potrete pescare con noi.<\/p>\n<ul>\n<li>Lanciatevi con un'attrezzatura da pesca di alta qualit\u00e0 e prendete all'amo la cattura della vostra vita<\/li>\n<li>Rimanete rinfrescati lungo il percorso con birra, soda e acqua gratuite<\/li>\n<li>Cercate di catturare la fauna marina locale come marlin, pesci vela, tonni e mahi-mahi<\/li>\n<li>Ammirate le splendide vedute delle acque cristalline di Punta Cana<\/li>\n<\/ul>","protected":false},"excerpt":{"rendered":"<div data-track=\"overview\" data-v-83a2b402=\"\">\n<section id=\"activity-overview\" class=\"activity-overview\" data-component=\"overview\" data-v-83a2b402=\"\" data-v-f3236c42=\"\">\n<p class=\"activity-overview__content\" data-test-id=\"activity-overview-content\" data-v-f3236c42=\"\">SE SIETE APPASSIONATI DI PESCA D'ALTURA QUESTA \u00c8 L'OCCASIONE PER CATTURARE I MIGLIORI ESEMPLARI COME TROFEO, DA UN BARRACUDA MAHI MAHI A UN MARLIN, IL NOSTRO TEAM VI AIUTER\u00c0 PER TUTTO IL PERCORSO.<\/p>\n<\/section>\n<\/div>\n<div data-track=\"key-details\" data-v-83a2b402=\"\"><\/div>","protected":false},"featured_media":11007,"template":"","meta":[],"product_brand":[],"product_cat":[97],"product_tag":[101,102],"class_list":{"0":"post-10693","1":"product","2":"type-product","3":"status-publish","4":"has-post-thumbnail","6":"product_cat-dominican-republic","7":"product_tag-excursion","8":"product_tag-tour","10":"first","11":"instock","12":"sale","13":"shipping-taxable","14":"product-type-external"},"_links":{"self":[{"href":"https:\/\/whalewatching.placessites.com\/it\/wp-json\/wp\/v2\/product\/10693","targetHints":{"allow":["GET"]}}],"collection":[{"href":"https:\/\/whalewatching.placessites.com\/it\/wp-json\/wp\/v2\/product"}],"about":[{"href":"https:\/\/whalewatching.placessites.com\/it\/wp-json\/wp\/v2\/types\/product"}],"version-history":[{"count":0,"href":"https:\/\/whalewatching.placessites.com\/it\/wp-json\/wp\/v2\/product\/10693\/revisions"}],"wp:featuredmedia":[{"embeddable":true,"href":"https:\/\/whalewatching.placessites.com\/it\/wp-json\/wp\/v2\/media\/11007"}],"wp:attachment":[{"href":"https:\/\/whalewatching.placessites.com\/it\/wp-json\/wp\/v2\/media?parent=10693"}],"wp:term":[{"taxonomy":"product_brand","embeddable":true,"href":"https:\/\/whalewatching.placessites.com\/it\/wp-json\/wp\/v2\/product_brand?post=10693"},{"taxonomy":"product_cat","embeddable":true,"href":"https:\/\/whalewatching.placessites.com\/it\/wp-json\/wp\/v2\/product_cat?post=10693"},{"taxonomy":"product_tag","embeddable":true,"href":"https:\/\/whalewatching.placessites.com\/it\/wp-json\/wp\/v2\/product_tag?post=10693"}],"curies":[{"name":"wp","href":"https:\/\/api.w.org\/{rel}","templated":true}]}}