{"id":10790,"date":"2025-12-18T09:47:37","date_gmt":"2025-12-18T09:47:37","guid":{"rendered":"https:\/\/whalewatching.placessites.com\/?post_type=product&#038;p=10790"},"modified":"2025-12-18T10:00:45","modified_gmt":"2025-12-18T10:00:45","slug":"-31","status":"publish","type":"product","link":"https:\/\/whalewatching.placessites.com\/it\/tour\/-31\/","title":{"rendered":"Esplorare Hig\u00fcey: Tour culturale di mezza giornata da Punta Cana"},"content":{"rendered":"<div class=\"toggle-content__content toggle-content__content--expanded toggle-content__content--packable\" data-v-59485d64=\"\">\n<div data-test-id=\"activity-full-description-text\" data-v-5835c99c=\"\">Esplorare Hig\u00fcey: Tour culturale di mezza giornata da Punta Cana<\/div>\n<div data-test-id=\"activity-full-description-text\" data-v-5835c99c=\"\"><\/div>\n<div data-test-id=\"activity-full-description-text\" data-v-5835c99c=\"\">Partite per un tour privato che vi immerger\u00e0 nella ricca storia e cultura della Repubblica Dominicana. Scoprite Hig\u00fcey, una citt\u00e0 con oltre 500 anni di storia, e ammirate l'imponente Basilica di Nostra Signora di Altagracia, simbolo della fede cattolica nel Paese. Godetevi una nuotata rinfrescante nelle acque cristalline della splendida spiaggia di Macao e immergetevi nelle autentiche tradizioni dominicane con la nostra guida esperta.<\/div>\n<div data-test-id=\"activity-full-description-text\" data-v-5835c99c=\"\"><\/div>\n<div data-test-id=\"activity-full-description-text\" data-v-5835c99c=\"\">Punti salienti del tour:<\/div>\n<div data-test-id=\"activity-full-description-text\" data-v-5835c99c=\"\"><\/div>\n<div data-test-id=\"activity-full-description-text\" data-v-5835c99c=\"\">Un viaggio arricchente nella storia e nella cultura dominicana.<\/div>\n<div data-test-id=\"activity-full-description-text\" data-v-5835c99c=\"\"><\/div>\n<div data-test-id=\"activity-full-description-text\" data-v-5835c99c=\"\">Esplorate l'antica citt\u00e0 di Hig\u00fcey e la sua magnifica cattedrale. Rilassatevi con un tuffo nel Mar dei Caraibi sulla spiaggia di Macao.<\/div>\n<div data-test-id=\"activity-full-description-text\" data-v-5835c99c=\"\"><\/div>\n<div data-test-id=\"activity-full-description-text\" data-v-5835c99c=\"\">Godetevi un'esperienza personalizzata con una guida privata e un veicolo esclusivo.<\/div>\n<\/div>\n<div class=\"toggle-content__label-placeholder\" data-v-59485d64=\"\"><\/div>","protected":false},"excerpt":{"rendered":"<div data-track=\"overview\" data-v-83a2b402=\"\">\n<section id=\"activity-overview\" class=\"activity-overview\" data-component=\"overview\" data-v-83a2b402=\"\" data-v-f3236c42=\"\">\n<p class=\"activity-overview__content\" data-test-id=\"activity-overview-content\" data-v-f3236c42=\"\">Scoprite Hig\u00fcey da Punta Cana con il nostro tour culturale di mezza giornata. Visitate luoghi emblematici e immergetevi nella storia e nella cultura dominicana. Un'esperienza arricchente in poche ore!<\/p>\n<\/section>\n<\/div>\n<div data-track=\"key-details\" data-v-83a2b402=\"\"><\/div>","protected":false},"featured_media":11128,"template":"","meta":[],"product_brand":[],"product_cat":[77],"product_tag":[],"class_list":{"0":"post-10790","1":"product","2":"type-product","3":"status-publish","4":"has-post-thumbnail","6":"product_cat-uncategorized","8":"first","9":"instock","10":"sale","11":"shipping-taxable","12":"product-type-external"},"_links":{"self":[{"href":"https:\/\/whalewatching.placessites.com\/it\/wp-json\/wp\/v2\/product\/10790","targetHints":{"allow":["GET"]}}],"collection":[{"href":"https:\/\/whalewatching.placessites.com\/it\/wp-json\/wp\/v2\/product"}],"about":[{"href":"https:\/\/whalewatching.placessites.com\/it\/wp-json\/wp\/v2\/types\/product"}],"version-history":[{"count":0,"href":"https:\/\/whalewatching.placessites.com\/it\/wp-json\/wp\/v2\/product\/10790\/revisions"}],"wp:featuredmedia":[{"embeddable":true,"href":"https:\/\/whalewatching.placessites.com\/it\/wp-json\/wp\/v2\/media\/11128"}],"wp:attachment":[{"href":"https:\/\/whalewatching.placessites.com\/it\/wp-json\/wp\/v2\/media?parent=10790"}],"wp:term":[{"taxonomy":"product_brand","embeddable":true,"href":"https:\/\/whalewatching.placessites.com\/it\/wp-json\/wp\/v2\/product_brand?post=10790"},{"taxonomy":"product_cat","embeddable":true,"href":"https:\/\/whalewatching.placessites.com\/it\/wp-json\/wp\/v2\/product_cat?post=10790"},{"taxonomy":"product_tag","embeddable":true,"href":"https:\/\/whalewatching.placessites.com\/it\/wp-json\/wp\/v2\/product_tag?post=10790"}],"curies":[{"name":"wp","href":"https:\/\/api.w.org\/{rel}","templated":true}]}}