{"id":11020,"date":"2025-12-18T09:56:28","date_gmt":"2025-12-18T09:56:28","guid":{"rendered":"https:\/\/whalewatching.placessites.com\/?post_type=product&#038;p=11020"},"modified":"2025-12-18T10:06:29","modified_gmt":"2025-12-18T10:06:29","slug":"tour-di-osservazione-delle-balene-a-samana","status":"publish","type":"product","link":"https:\/\/whalewatching.placessites.com\/it\/tour\/tour-di-osservazione-delle-balene-a-samana\/","title":{"rendered":"Tour di osservazione delle balene a Saman\u00e0"},"content":{"rendered":"<p>Tour di osservazione delle balene a Saman\u00e0<\/p>\n<div data-track=\"overview\" data-v-83a2b402=\"\">\n<section id=\"activity-overview\" class=\"activity-overview\" data-component=\"overview\" data-v-83a2b402=\"\" data-v-f3236c42=\"\">\n<p class=\"activity-overview__content\" data-test-id=\"activity-overview-content\" data-v-f3236c42=\"\">Vivete un'esperienza unica osservando i salti della maestosa megattera con questo avviso a Saman\u00e1.<\/p>\n<\/section>\n<\/div>\n<p>Imbarcatevi in un'avventura che vi lascer\u00e0 senza fiato! Godetevi la vista mozzafiato della baia di Saman\u00e1 e assistete a uno spettacolo unico di balene. Osservate queste maestose creature nel loro habitat temporaneo, ascoltate i maschi che cantano le loro canzoni e meravigliatevi di fronte alle incredibili dimostrazioni di movimento, scodinzolio e sbattimento.<\/p>\n<p>Poi, dirigetevi verso la famosa isola di Cayo Levantado, un rifugio perfetto per rilassarsi con la sua sabbia bianca e le sue acque turchesi e cristalline, questo paradiso vi conquister\u00e0. dove vi aspetta un delizioso pranzo dominicano.<\/p>\n<p>Questa esperienza unica vi porter\u00e0 dalla maestosit\u00e0 delle balene alla serenit\u00e0 delle acque cristalline e all'esuberanza della natura in una giornata indimenticabile!<\/p>","protected":false},"excerpt":{"rendered":"<div data-track=\"overview\" data-v-83a2b402=\"\">\n<section id=\"activity-overview\" class=\"activity-overview\" data-component=\"overview\" data-v-83a2b402=\"\" data-v-f3236c42=\"\">\n<p class=\"activity-overview__content\" data-test-id=\"activity-overview-content\" data-v-f3236c42=\"\">Vivete un'esperienza unica osservando i salti della maestosa megattera con questo avviso a Saman\u00e1.<\/p>\n<\/section>\n<\/div>\n<div data-track=\"key-details\" data-v-83a2b402=\"\"><\/div>","protected":false},"featured_media":11270,"template":"","meta":[],"product_brand":[],"product_cat":[97],"product_tag":[101,102],"class_list":{"0":"post-11020","1":"product","2":"type-product","3":"status-publish","4":"has-post-thumbnail","6":"product_cat-dominican-republic","7":"product_tag-excursion","8":"product_tag-tour","10":"first","11":"instock","12":"sale","13":"shipping-taxable","14":"product-type-external"},"_links":{"self":[{"href":"https:\/\/whalewatching.placessites.com\/it\/wp-json\/wp\/v2\/product\/11020","targetHints":{"allow":["GET"]}}],"collection":[{"href":"https:\/\/whalewatching.placessites.com\/it\/wp-json\/wp\/v2\/product"}],"about":[{"href":"https:\/\/whalewatching.placessites.com\/it\/wp-json\/wp\/v2\/types\/product"}],"version-history":[{"count":0,"href":"https:\/\/whalewatching.placessites.com\/it\/wp-json\/wp\/v2\/product\/11020\/revisions"}],"wp:featuredmedia":[{"embeddable":true,"href":"https:\/\/whalewatching.placessites.com\/it\/wp-json\/wp\/v2\/media\/11270"}],"wp:attachment":[{"href":"https:\/\/whalewatching.placessites.com\/it\/wp-json\/wp\/v2\/media?parent=11020"}],"wp:term":[{"taxonomy":"product_brand","embeddable":true,"href":"https:\/\/whalewatching.placessites.com\/it\/wp-json\/wp\/v2\/product_brand?post=11020"},{"taxonomy":"product_cat","embeddable":true,"href":"https:\/\/whalewatching.placessites.com\/it\/wp-json\/wp\/v2\/product_cat?post=11020"},{"taxonomy":"product_tag","embeddable":true,"href":"https:\/\/whalewatching.placessites.com\/it\/wp-json\/wp\/v2\/product_tag?post=11020"}],"curies":[{"name":"wp","href":"https:\/\/api.w.org\/{rel}","templated":true}]}}