{"id":11021,"date":"2025-12-18T09:56:28","date_gmt":"2025-12-18T09:56:28","guid":{"rendered":"https:\/\/whalewatching.placessites.com\/?post_type=product&#038;p=11021"},"modified":"2025-12-18T10:06:46","modified_gmt":"2025-12-18T10:06:46","slug":"cayo-levantado-waterfal-whale-watch","status":"publish","type":"product","link":"https:\/\/whalewatching.placessites.com\/it\/tour\/cayo-levantado-waterfal-whale-watch\/","title":{"rendered":"Saman\u00e1 Cayo Levantado Isla Bacard\u00ed e Waterfal + osservazione delle balene"},"content":{"rendered":"<p>Saman\u00e1 Cayo Levantado Isla Bacard\u00ed e Waterfal + osservazione delle balene<\/p>\n<p>Scoprite la magia di Saman\u00e1, una rigogliosa penisola sulla costa nord-orientale della Repubblica Dominicana, rinomata per la sua bellezza naturale e designata dall'UNESCO come una delle baie pi\u00f9 belle del mondo. Questa destinazione, riconosciuta anche come Paradiso globale dell'ecoturismo, ospita la migrazione mozzafiato delle megattere, osservabile da gennaio all'inizio di aprile, quando oltre 3.500 di queste maestose creature visitano le sue calde acque.<\/p>\n<p>L'avventura inizia con un giro panoramico in barca da Sabana de la Mar alla baia di Saman\u00e1. All'arrivo, vi imbarcherete in un'emozionante passeggiata a cavallo fino alla maestosa Cascata di Lim\u00f3n. Alta 50 metri, questa cascata presenta una piscina naturale circondata da una lussureggiante foresta pluviale tropicale, perfetta per un tuffo rinfrescante.<\/p>\n<p>Successivamente, salirete a bordo di un camion safari per visitare la storica citt\u00e0 di Saman\u00e1, scoperta da Cristoforo Colombo nel 1493. Durante il tour, conoscerete la sua ricca storia e il primo incontro tra europei e nativi.<\/p>\n<p>Dopo la visita della citt\u00e0, gusterete un buffet dominicano in un ristorante di campagna, con una variet\u00e0 di piatti locali e frutta tropicale fresca. Poi vi recherete a Cayo Levantado, nota anche come \u201cIsola Bacardi\u201d, dove avrete tempo libero per rilassarvi sulle sue spiagge di sabbia bianca e le sue acque turchesi.<\/p>\n<p>Infine, tornerete sulla terraferma e sarete trasferiti al vostro alloggio, portando con voi ricordi indimenticabili di una giornata piena di natura, storia e relax in uno degli angoli pi\u00f9 belli dei Caraibi.<\/p>","protected":false},"excerpt":{"rendered":"<div data-track=\"overview\" data-v-83a2b402=\"\">\n<section id=\"activity-overview\" class=\"activity-overview\" data-component=\"overview\" data-v-83a2b402=\"\" data-v-f3236c42=\"\">\n<p class=\"activity-overview__content\" data-test-id=\"activity-overview-content\" data-v-f3236c42=\"\">Non perdete l'occasione di assistere alle maestose megattere da gennaio all'inizio di aprile, aggiungendo un tocco di meraviglia alla vostra fuga ai Caraibi.<\/p>\n<\/section>\n<\/div>\n<div data-track=\"key-details\" data-v-83a2b402=\"\"><\/div>","protected":false},"featured_media":11277,"template":"","meta":[],"product_brand":[],"product_cat":[97],"product_tag":[101,102],"class_list":{"0":"post-11021","1":"product","2":"type-product","3":"status-publish","4":"has-post-thumbnail","6":"product_cat-dominican-republic","7":"product_tag-excursion","8":"product_tag-tour","10":"first","11":"instock","12":"sale","13":"shipping-taxable","14":"product-type-external"},"_links":{"self":[{"href":"https:\/\/whalewatching.placessites.com\/it\/wp-json\/wp\/v2\/product\/11021","targetHints":{"allow":["GET"]}}],"collection":[{"href":"https:\/\/whalewatching.placessites.com\/it\/wp-json\/wp\/v2\/product"}],"about":[{"href":"https:\/\/whalewatching.placessites.com\/it\/wp-json\/wp\/v2\/types\/product"}],"version-history":[{"count":0,"href":"https:\/\/whalewatching.placessites.com\/it\/wp-json\/wp\/v2\/product\/11021\/revisions"}],"wp:featuredmedia":[{"embeddable":true,"href":"https:\/\/whalewatching.placessites.com\/it\/wp-json\/wp\/v2\/media\/11277"}],"wp:attachment":[{"href":"https:\/\/whalewatching.placessites.com\/it\/wp-json\/wp\/v2\/media?parent=11021"}],"wp:term":[{"taxonomy":"product_brand","embeddable":true,"href":"https:\/\/whalewatching.placessites.com\/it\/wp-json\/wp\/v2\/product_brand?post=11021"},{"taxonomy":"product_cat","embeddable":true,"href":"https:\/\/whalewatching.placessites.com\/it\/wp-json\/wp\/v2\/product_cat?post=11021"},{"taxonomy":"product_tag","embeddable":true,"href":"https:\/\/whalewatching.placessites.com\/it\/wp-json\/wp\/v2\/product_tag?post=11021"}],"curies":[{"name":"wp","href":"https:\/\/api.w.org\/{rel}","templated":true}]}}