{"id":11326,"date":"2025-12-18T10:08:17","date_gmt":"2025-12-18T10:08:17","guid":{"rendered":"https:\/\/whalewatching.placessites.com\/?post_type=product&#038;p=11326"},"modified":"2025-12-18T10:19:46","modified_gmt":"2025-12-18T10:19:46","slug":"-53","status":"publish","type":"product","link":"https:\/\/whalewatching.placessites.com\/it\/tour\/-53\/","title":{"rendered":"Punta Cana: Tour di Saman\u00e1 con passeggiata a cavallo, crociera e pranzo"},"content":{"rendered":"<p>Esplorate la penisola di Saman\u00e1 in un tour di un giorno, scoprendo alcuni dei suoi punti di forza in un tour di un giorno da Punta Cana. Visitate la splendida cascata El L\u00edmon, gustate un pranzo tipico dominicano e godetevi una crociera in catamarano alla splendida Cay\u00f3 Levanto.<\/p>\n<p>Si inizia con il prelievo da Punta Cana, Bayahibe o Bavaro e si viaggia attraverso la zona di Miches, passando per cittadine pittoresche. Una volta arrivati alla citt\u00e0 di La Ca\u00f1ita, prendete la barca per raggiungere la penisola di Saman\u00e1.<\/p>\n<p>Una volta arrivati, salite a bordo di un camion safari che vi porter\u00e0 nelle profondit\u00e0 della giungla montana per una passeggiata a cavallo fino alla cascata El L\u00edmon. Godetevi un tuffo rinfrescante nelle sue cascate, circondate dalla giungla lussureggiante.<\/p>\n<p>Tornate al molo per gustare un delizioso pranzo a base di cucina tradizionale dominicana.<\/p>\n<p>Continuate l'avventura con una crociera in catamarano a Cay\u00f3 Levanto. Godetevi 90 minuti di relax sulle sue spiagge di sabbia bianca e sulle sue acque turchesi scintillanti. Successivamente, tornate a La Ca\u00f1ita per prendere l'autobus che vi riporter\u00e0 al vostro alloggio.<\/p>","protected":false},"excerpt":{"rendered":"<div data-track=\"overview\" data-v-83a2b402=\"\">\n<section id=\"activity-overview\" class=\"activity-overview\" data-component=\"overview\" data-v-83a2b402=\"\" data-v-f3236c42=\"\">\n<p class=\"activity-overview__content\" data-test-id=\"activity-overview-content\" data-v-f3236c42=\"\">Ammirate le balene durante una crociera in catamarano a Cay\u00f3 Levanto, andate a cavallo fino alla cascata El L\u00edmon e scoprite la bellezza della Penisola di Saman\u00e1 prenotando questo tour di un giorno da Punta Cana. Prenotate ora e pagate il resto in seguito.<\/p>\n<\/section>\n<\/div>\n<div data-track=\"key-details\" data-v-83a2b402=\"\"><\/div>","protected":false},"featured_media":11642,"template":"","meta":[],"product_brand":[],"product_cat":[97],"product_tag":[101,102],"class_list":{"0":"post-11326","1":"product","2":"type-product","3":"status-publish","4":"has-post-thumbnail","6":"product_cat-dominican-republic","7":"product_tag-excursion","8":"product_tag-tour","10":"first","11":"instock","12":"shipping-taxable","13":"product-type-external"},"_links":{"self":[{"href":"https:\/\/whalewatching.placessites.com\/it\/wp-json\/wp\/v2\/product\/11326","targetHints":{"allow":["GET"]}}],"collection":[{"href":"https:\/\/whalewatching.placessites.com\/it\/wp-json\/wp\/v2\/product"}],"about":[{"href":"https:\/\/whalewatching.placessites.com\/it\/wp-json\/wp\/v2\/types\/product"}],"version-history":[{"count":0,"href":"https:\/\/whalewatching.placessites.com\/it\/wp-json\/wp\/v2\/product\/11326\/revisions"}],"wp:featuredmedia":[{"embeddable":true,"href":"https:\/\/whalewatching.placessites.com\/it\/wp-json\/wp\/v2\/media\/11642"}],"wp:attachment":[{"href":"https:\/\/whalewatching.placessites.com\/it\/wp-json\/wp\/v2\/media?parent=11326"}],"wp:term":[{"taxonomy":"product_brand","embeddable":true,"href":"https:\/\/whalewatching.placessites.com\/it\/wp-json\/wp\/v2\/product_brand?post=11326"},{"taxonomy":"product_cat","embeddable":true,"href":"https:\/\/whalewatching.placessites.com\/it\/wp-json\/wp\/v2\/product_cat?post=11326"},{"taxonomy":"product_tag","embeddable":true,"href":"https:\/\/whalewatching.placessites.com\/it\/wp-json\/wp\/v2\/product_tag?post=11326"}],"curies":[{"name":"wp","href":"https:\/\/api.w.org\/{rel}","templated":true}]}}