{"id":12448,"date":"2025-12-18T10:53:07","date_gmt":"2025-12-18T10:53:07","guid":{"rendered":"https:\/\/whalewatching.placessites.com\/?post_type=product&#038;p=12448"},"modified":"2025-12-18T11:02:34","modified_gmt":"2025-12-18T11:02:34","slug":"-141","status":"publish","type":"product","link":"https:\/\/whalewatching.placessites.com\/it\/tour\/-141\/","title":{"rendered":"Bayahibe: Escursione di un giorno per l'osservazione delle balene di Saman\u00e1 e Miches"},"content":{"rendered":"<p>Bayahibe: Escursione di un giorno per l'osservazione delle balene a Saman\u00e1 e Miches, attraversate in barca le baie di Miches e Saman\u00e1 e godetevi il paradiso delle megattere. Il design di questo tour e i suoi elementi lo rendono il pi\u00f9 grande e completo tour di whale watching di lunga durata offerto nella destinazione Bavaro Punta Cana. Qui, al ritmo del rum dominicano Brugal, vi accoglieremo sull'Isola Bacardi. Dopo un viaggio emozionante per osservare le balene nel loro santuario, la sabbia bianca di Bacardi Island vi disconnetter\u00e0 durante il vostro soggiorno, offrendovi una spiaggia meravigliosa.<\/p>\n<p>Il luogo dove si pranzer\u00e0 sar\u00e0 il ponte perfetto per raggiungere il monumento della Cascata del Limone, dove la solitudine dei dintorni nel pomeriggio sar\u00e0 la compagnia perfetta per godere di tutta la sua magia e freschezza.<\/p>\n<p>Iniziate la giornata con un prelievo dal vostro hotel a Bavaro e dirigetevi al molo di Ca\u00f1itas. Salpate verso il santuario delle balene e godetevi un tour di whale watching. Successivamente, raggiungete l'isola di Cayo Levantado e godetevi un drink di benvenuto.<\/p>\n<p>Partenza per Saman\u00e1 per un tour della citt\u00e0 e un safari in campagna a Santa Barbara de Saman\u00e1 e nella comunit\u00e0 di El Lim\u00f3n. Visita a un ranch nel mezzo della giungla. Andate a cavallo con l'assistenza guidata del villaggio locale.<\/p>\n<p>Visita alla Cascata del Lim\u00f3n, una cascata alta 50 metri. Partenza dal molo di Saman\u00e1 verso il molo di Ca\u00f1itas. Rientro in hotel a Bavaro.<\/p>","protected":false},"excerpt":{"rendered":"<div data-track=\"overview\" data-v-83a2b402=\"\">\n<section id=\"activity-overview\" class=\"activity-overview\" data-component=\"overview\" data-v-83a2b402=\"\" data-v-f3236c42=\"\">\n<p class=\"activity-overview__content\" data-test-id=\"activity-overview-content\" data-v-f3236c42=\"\">Scoprite la bellezza della penisola di Saman\u00e1 con un'escursione di un giorno da Bayahibe. Osservate le megattere nel loro habitat naturale e gustate un pranzo a buffet in un ristorante locale di Saman\u00e1.<\/p>\n<\/section>\n<\/div>\n<div data-track=\"key-details\" data-v-83a2b402=\"\"><\/div>","protected":false},"featured_media":12686,"template":"","meta":[],"product_brand":[],"product_cat":[97],"product_tag":[101,102],"class_list":{"0":"post-12448","1":"product","2":"type-product","3":"status-publish","4":"has-post-thumbnail","6":"product_cat-dominican-republic","7":"product_tag-excursion","8":"product_tag-tour","10":"first","11":"instock","12":"shipping-taxable","13":"product-type-external"},"_links":{"self":[{"href":"https:\/\/whalewatching.placessites.com\/it\/wp-json\/wp\/v2\/product\/12448","targetHints":{"allow":["GET"]}}],"collection":[{"href":"https:\/\/whalewatching.placessites.com\/it\/wp-json\/wp\/v2\/product"}],"about":[{"href":"https:\/\/whalewatching.placessites.com\/it\/wp-json\/wp\/v2\/types\/product"}],"version-history":[{"count":0,"href":"https:\/\/whalewatching.placessites.com\/it\/wp-json\/wp\/v2\/product\/12448\/revisions"}],"wp:featuredmedia":[{"embeddable":true,"href":"https:\/\/whalewatching.placessites.com\/it\/wp-json\/wp\/v2\/media\/12686"}],"wp:attachment":[{"href":"https:\/\/whalewatching.placessites.com\/it\/wp-json\/wp\/v2\/media?parent=12448"}],"wp:term":[{"taxonomy":"product_brand","embeddable":true,"href":"https:\/\/whalewatching.placessites.com\/it\/wp-json\/wp\/v2\/product_brand?post=12448"},{"taxonomy":"product_cat","embeddable":true,"href":"https:\/\/whalewatching.placessites.com\/it\/wp-json\/wp\/v2\/product_cat?post=12448"},{"taxonomy":"product_tag","embeddable":true,"href":"https:\/\/whalewatching.placessites.com\/it\/wp-json\/wp\/v2\/product_tag?post=12448"}],"curies":[{"name":"wp","href":"https:\/\/api.w.org\/{rel}","templated":true}]}}