{"id":12862,"date":"2025-12-18T11:09:04","date_gmt":"2025-12-18T11:09:04","guid":{"rendered":"https:\/\/whalewatching.placessites.com\/?post_type=product&#038;p=12862"},"modified":"2025-12-18T11:19:18","modified_gmt":"2025-12-18T11:19:18","slug":"avventura-a-4-ruote","status":"publish","type":"product","link":"https:\/\/whalewatching.placessites.com\/it\/tour\/avventura-a-4-ruote\/","title":{"rendered":"Avventura a 4 ruote"},"content":{"rendered":"<p><strong>Avventura a 4 ruote<\/strong><\/p>\n<div class=\"woocommerce-product-details__short-description\">\n<div data-track=\"key-details\" data-v-83a2b402=\"\">Unitevi a noi per un'avventura su 4 ruote! Verremo a prendervi dal vostro hotel a Playa Dorada, Sosua o Cabarete e vi porteremo al punto di partenza del tour, a soli 30 minuti da Sosua e Puerto Plata. Indossate abiti che siete disposti a buttare via e occhiali da sole, poich\u00e9 la strada pu\u00f2 essere polverosa, fangosa e bagnata. Non sono richieste patenti o abilit\u00e0 particolari. Dopo un breve briefing, inizier\u00e0 la vostra memorabile avventura in fuoristrada. Tutte le 4 ruote motrici sono sicure e facili da usare.<\/div>\n<div data-track=\"key-details\" data-v-83a2b402=\"\"><\/div>\n<div data-track=\"key-details\" data-v-83a2b402=\"\">Scoprite le bellezze naturali della Repubblica Dominicana con questo tour di mezza giornata. Potrete godere di scenari incredibili, sentieri fangosi e una spiaggia pittoresca. Guidate il vostro veicolo a 4 ruote attraverso i campi di canna da zucchero e fino alla spiaggia. Questo tour \u00e8 perfetto per chi vuole divertirsi esplorando le bellezze naturali della Repubblica Dominicana.<\/div>\n<\/div>","protected":false},"excerpt":{"rendered":"<div data-track=\"overview\" data-v-83a2b402=\"\">\n<section id=\"activity-overview\" class=\"activity-overview\" data-component=\"overview\" data-v-83a2b402=\"\" data-v-f3236c42=\"\">\n<p class=\"activity-overview__content\" data-test-id=\"activity-overview-content\" data-v-f3236c42=\"\">Guidate il vostro veicolo a 4 ruote attraverso i campi di canna da zucchero e fino alla spiaggia. Godetevi gli incredibili paesaggi, i sentieri fangosi e la pittoresca spiaggia. Si tratta di una mezza giornata piena di divertimento per chi cerca un tour per ammirare le bellezze naturali della Repubblica Dominicana.<\/p>\n<\/section>\n<\/div>\n<div data-track=\"key-details\" data-v-83a2b402=\"\"><\/div>","protected":false},"featured_media":13097,"template":"","meta":[],"product_brand":[],"product_cat":[97],"product_tag":[101,102],"class_list":{"0":"post-12862","1":"product","2":"type-product","3":"status-publish","4":"has-post-thumbnail","6":"product_cat-dominican-republic","7":"product_tag-excursion","8":"product_tag-tour","10":"first","11":"instock","12":"shipping-taxable","13":"product-type-external"},"_links":{"self":[{"href":"https:\/\/whalewatching.placessites.com\/it\/wp-json\/wp\/v2\/product\/12862","targetHints":{"allow":["GET"]}}],"collection":[{"href":"https:\/\/whalewatching.placessites.com\/it\/wp-json\/wp\/v2\/product"}],"about":[{"href":"https:\/\/whalewatching.placessites.com\/it\/wp-json\/wp\/v2\/types\/product"}],"version-history":[{"count":0,"href":"https:\/\/whalewatching.placessites.com\/it\/wp-json\/wp\/v2\/product\/12862\/revisions"}],"wp:featuredmedia":[{"embeddable":true,"href":"https:\/\/whalewatching.placessites.com\/it\/wp-json\/wp\/v2\/media\/13097"}],"wp:attachment":[{"href":"https:\/\/whalewatching.placessites.com\/it\/wp-json\/wp\/v2\/media?parent=12862"}],"wp:term":[{"taxonomy":"product_brand","embeddable":true,"href":"https:\/\/whalewatching.placessites.com\/it\/wp-json\/wp\/v2\/product_brand?post=12862"},{"taxonomy":"product_cat","embeddable":true,"href":"https:\/\/whalewatching.placessites.com\/it\/wp-json\/wp\/v2\/product_cat?post=12862"},{"taxonomy":"product_tag","embeddable":true,"href":"https:\/\/whalewatching.placessites.com\/it\/wp-json\/wp\/v2\/product_tag?post=12862"}],"curies":[{"name":"wp","href":"https:\/\/api.w.org\/{rel}","templated":true}]}}