{"id":16586,"date":"2025-12-18T13:58:11","date_gmt":"2025-12-18T13:58:11","guid":{"rendered":"https:\/\/whalewatching.placessites.com\/?post_type=product&#038;p=16586"},"modified":"2025-12-18T13:59:33","modified_gmt":"2025-12-18T13:59:33","slug":"punta-cana-santo-domingo-gita-privata-di-un-giorno","status":"publish","type":"product","link":"https:\/\/whalewatching.placessites.com\/it\/tour\/punta-cana-santo-domingo-gita-privata-di-un-giorno\/","title":{"rendered":"Punta Cana: Santo Domingo Private Day Trip"},"content":{"rendered":"<p>Santo Domingo is a magical city, full of history, culture and amazing landscapes. Explore the oldest Capital of the \u201cNew\u201d World, Santo Domingo, the first city founded in America.<\/p>\n<p>Questo tour turistico vi mostra una citt\u00e0 ricca di storia e cultura. Un'attivit\u00e0 ideale per tutta la famiglia.<\/p>\n<p>- Verremo a prendervi al vostro hotel per iniziare un incredibile viaggio a Santo Domingo, durante il quale vedrete incredibili dettagli sulla cultura della Repubblica Dominicana.<\/p>\n<p>- All'arrivo a Santo Domingo visiterete gli incredibili cenotes del Parco Nazionale Los Tres Ojos, particolarmente naturali e magici.<\/p>\n<p>- Visiterete i monumenti pi\u00f9 importanti della citt\u00e0: La prima Cattedrale d'America, l'Alc\u00e1zar de Col\u00f3n e il Pantheon Nazionale, El Faro a Col\u00f3n.<\/p>\n<p>- Faremo una passeggiata attraverso la Zona Coloniale, una strada romantica, la prima in America, \u201cThe Ladies\u201d. Godendo di una vista panoramica antica ma pittoresca.<\/p>\n<p>Funziona tutti i giorni. La sua durata approssimativa \u00e8 di 10 ore.<\/p>","protected":false},"excerpt":{"rendered":"<div data-track=\"overview\" data-v-83a2b402=\"\">\n<section id=\"activity-overview\" class=\"activity-overview\" data-component=\"overview\" data-v-83a2b402=\"\" data-v-f3236c42=\"\">\n<p class=\"activity-overview__content\" data-test-id=\"activity-overview-content\" data-v-f3236c42=\"\">Private Enjoy the history, culture, and landscapes of Santo Domingo on this day tour from Punta Cana. Visit the Three Eyes National Park cenotes, America&#8217;s first cathedral, and the National Pantheon.<\/p>\n<\/section>\n<\/div>\n<div data-track=\"key-details\" data-v-83a2b402=\"\"><\/div>","protected":false},"featured_media":16610,"template":"","meta":[],"product_brand":[],"product_cat":[97],"product_tag":[101,102],"class_list":{"0":"post-16586","1":"product","2":"type-product","3":"status-publish","4":"has-post-thumbnail","6":"product_cat-dominican-republic","7":"product_tag-excursion","8":"product_tag-tour","10":"first","11":"instock","12":"shipping-taxable","13":"product-type-external"},"_links":{"self":[{"href":"https:\/\/whalewatching.placessites.com\/it\/wp-json\/wp\/v2\/product\/16586","targetHints":{"allow":["GET"]}}],"collection":[{"href":"https:\/\/whalewatching.placessites.com\/it\/wp-json\/wp\/v2\/product"}],"about":[{"href":"https:\/\/whalewatching.placessites.com\/it\/wp-json\/wp\/v2\/types\/product"}],"version-history":[{"count":0,"href":"https:\/\/whalewatching.placessites.com\/it\/wp-json\/wp\/v2\/product\/16586\/revisions"}],"wp:featuredmedia":[{"embeddable":true,"href":"https:\/\/whalewatching.placessites.com\/it\/wp-json\/wp\/v2\/media\/16610"}],"wp:attachment":[{"href":"https:\/\/whalewatching.placessites.com\/it\/wp-json\/wp\/v2\/media?parent=16586"}],"wp:term":[{"taxonomy":"product_brand","embeddable":true,"href":"https:\/\/whalewatching.placessites.com\/it\/wp-json\/wp\/v2\/product_brand?post=16586"},{"taxonomy":"product_cat","embeddable":true,"href":"https:\/\/whalewatching.placessites.com\/it\/wp-json\/wp\/v2\/product_cat?post=16586"},{"taxonomy":"product_tag","embeddable":true,"href":"https:\/\/whalewatching.placessites.com\/it\/wp-json\/wp\/v2\/product_tag?post=16586"}],"curies":[{"name":"wp","href":"https:\/\/api.w.org\/{rel}","templated":true}]}}